{"id":11,"date":"2026-03-12T23:01:42","date_gmt":"2026-03-12T22:01:42","guid":{"rendered":"https:\/\/golfindooracademy.fr\/?page_id=11"},"modified":"2026-04-15T16:23:47","modified_gmt":"2026-04-15T14:23:47","slug":"golf-indoor-academy","status":"publish","type":"page","link":"https:\/\/golfindooracademy.fr\/","title":{"rendered":"Golf Indoor Academy"},"content":{"rendered":"\t\t<div data-elementor-type=\"wp-page\" data-elementor-id=\"11\" class=\"elementor elementor-11\">\n\t\t\t\t<div class=\"elementor-element elementor-element-62f4d92 e-flex e-con-boxed e-con e-parent\" data-id=\"62f4d92\" data-element_type=\"container\" data-e-type=\"container\">\n\t\t\t\t\t<div class=\"e-con-inner\">\n\t\t<div class=\"elementor-element elementor-element-8a2496e e-grid e-con-full e-con e-child\" data-id=\"8a2496e\" data-element_type=\"container\" data-e-type=\"container\">\n\t\t<div class=\"elementor-element elementor-element-f3bc308 e-con-full e-flex e-con e-child\" data-id=\"f3bc308\" data-element_type=\"container\" data-e-type=\"container\">\n\t\t\t\t<div class=\"elementor-element elementor-element-5901792 elementor-widget elementor-widget-heading\" data-id=\"5901792\" data-element_type=\"widget\" data-e-type=\"widget\" data-widget_type=\"heading.default\">\n\t\t\t\t\t<h1 class=\"elementor-heading-title elementor-size-default\">Golf Indoor Academy<\/h1>\t\t\t\t<\/div>\n\t\t\t\t<div class=\"elementor-element elementor-element-e8a84f0 elementor-widget elementor-widget-text-editor\" data-id=\"e8a84f0\" data-element_type=\"widget\" data-e-type=\"widget\" data-widget_type=\"text-editor.default\">\n\t\t\t\t\t\t\t\t\t<p>La Golf Indoor Academy ouvrira ses portes le 20 avril avec ses trois premiers simulateurs \u00e9quip\u00e9s de la technologie Foresight Sports, offrant une exp\u00e9rience de jeu immersive et pr\u00e9cise. \u00c0 terme, l\u2019\u00e9tablissement comptera huit simulateurs au total, ainsi que des espaces d\u00e9di\u00e9s au putting et une salle d\u2019\u00e9chauffement dot\u00e9e de machines de musculation Technogym, pour un entra\u00eenement complet dans des conditions optimales.<\/p>\t\t\t\t\t\t\t\t<\/div>\n\t\t\t\t<div class=\"elementor-element elementor-element-b472c22 elementor-align-center elementor-widget elementor-widget-button\" data-id=\"b472c22\" data-element_type=\"widget\" data-e-type=\"widget\" data-widget_type=\"button.default\">\n\t\t\t\t\t\t\t\t\t\t<a class=\"elementor-button elementor-button-link elementor-size-sm elementor-animation-grow\" href=\"https:\/\/albaplay.com\/venue\/golfindooracademy-nice\" target=\"_blank\">\n\t\t\t\t\t\t<span class=\"elementor-button-content-wrapper\">\n\t\t\t\t\t\t\t\t\t<span class=\"elementor-button-text\">R\u00e9server<\/span>\n\t\t\t\t\t<\/span>\n\t\t\t\t\t<\/a>\n\t\t\t\t\t\t\t\t<\/div>\n\t\t\t\t<\/div>\n\t\t\t\t<div class=\"elementor-element elementor-element-ad6eff7 elementor-pagination-position-inside elementor-arrows-position-inside elementor-widget elementor-widget-image-carousel\" data-id=\"ad6eff7\" data-element_type=\"widget\" data-e-type=\"widget\" data-settings=\"{&quot;slides_to_show&quot;:&quot;1&quot;,&quot;navigation&quot;:&quot;both&quot;,&quot;autoplay&quot;:&quot;yes&quot;,&quot;pause_on_hover&quot;:&quot;yes&quot;,&quot;pause_on_interaction&quot;:&quot;yes&quot;,&quot;autoplay_speed&quot;:5000,&quot;infinite&quot;:&quot;yes&quot;,&quot;effect&quot;:&quot;slide&quot;,&quot;speed&quot;:500}\" data-widget_type=\"image-carousel.default\">\n\t\t\t\t\t\t\t<div class=\"elementor-image-carousel-wrapper swiper\" role=\"region\" aria-roledescription=\"carousel\" aria-label=\"Carrousel d\u2019images\" dir=\"ltr\">\n\t\t\t<div class=\"elementor-image-carousel swiper-wrapper\" aria-live=\"off\">\n\t\t\t\t\t\t\t\t<div class=\"swiper-slide\" role=\"group\" aria-roledescription=\"slide\" aria-label=\"1 sur 13\"><figure class=\"swiper-slide-inner\"><img decoding=\"async\" class=\"swiper-slide-image\" src=\"https:\/\/golfindooracademy.fr\/wp-content\/uploads\/2026\/04\/18-SPARTLAND-PHOTOGRAPHIE-1459-1024x597.jpg\" alt=\"18 - SPARTLAND PHOTOGRAPHIE-1459\" \/><\/figure><\/div><div class=\"swiper-slide\" role=\"group\" aria-roledescription=\"slide\" aria-label=\"2 sur 13\"><figure class=\"swiper-slide-inner\"><img decoding=\"async\" class=\"swiper-slide-image\" src=\"https:\/\/golfindooracademy.fr\/wp-content\/uploads\/2026\/04\/16-SPARTLAND-PHOTOGRAPHIE-1578-1024x683.jpg\" alt=\"16 - SPARTLAND PHOTOGRAPHIE-1578\" \/><\/figure><\/div><div class=\"swiper-slide\" role=\"group\" aria-roledescription=\"slide\" aria-label=\"3 sur 13\"><figure class=\"swiper-slide-inner\"><img decoding=\"async\" class=\"swiper-slide-image\" src=\"https:\/\/golfindooracademy.fr\/wp-content\/uploads\/2026\/04\/15-SPARTLAND-PHOTOGRAPHIE-1574-1024x550.jpg\" alt=\"15 - SPARTLAND PHOTOGRAPHIE-1574\" \/><\/figure><\/div><div class=\"swiper-slide\" role=\"group\" aria-roledescription=\"slide\" aria-label=\"4 sur 13\"><figure class=\"swiper-slide-inner\"><img decoding=\"async\" class=\"swiper-slide-image\" src=\"https:\/\/golfindooracademy.fr\/wp-content\/uploads\/2026\/04\/14-SPARTLAND-PHOTOGRAPHIE-1609-1024x690.jpg\" alt=\"14 - SPARTLAND PHOTOGRAPHIE-1609\" \/><\/figure><\/div><div class=\"swiper-slide\" role=\"group\" aria-roledescription=\"slide\" aria-label=\"5 sur 13\"><figure class=\"swiper-slide-inner\"><img decoding=\"async\" class=\"swiper-slide-image\" src=\"https:\/\/golfindooracademy.fr\/wp-content\/uploads\/2026\/04\/13-SPARTLAND-PHOTOGRAPHIE-1651-1024x683.jpg\" alt=\"13 - SPARTLAND PHOTOGRAPHIE-1651\" \/><\/figure><\/div><div class=\"swiper-slide\" role=\"group\" aria-roledescription=\"slide\" aria-label=\"6 sur 13\"><figure class=\"swiper-slide-inner\"><img decoding=\"async\" class=\"swiper-slide-image\" src=\"https:\/\/golfindooracademy.fr\/wp-content\/uploads\/2026\/04\/11-SPARTLAND-PHOTOGRAPHIE-1713-1024x683.jpg\" alt=\"11 - SPARTLAND PHOTOGRAPHIE-1713\" \/><\/figure><\/div><div class=\"swiper-slide\" role=\"group\" aria-roledescription=\"slide\" aria-label=\"7 sur 13\"><figure class=\"swiper-slide-inner\"><img decoding=\"async\" class=\"swiper-slide-image\" src=\"https:\/\/golfindooracademy.fr\/wp-content\/uploads\/2026\/04\/10-SPARTLAND-PHOTOGRAPHIE-1734-1024x683.jpg\" alt=\"10 - SPARTLAND PHOTOGRAPHIE-1734\" \/><\/figure><\/div><div class=\"swiper-slide\" role=\"group\" aria-roledescription=\"slide\" aria-label=\"8 sur 13\"><figure class=\"swiper-slide-inner\"><img decoding=\"async\" class=\"swiper-slide-image\" src=\"https:\/\/golfindooracademy.fr\/wp-content\/uploads\/2026\/04\/9-SPARTLAND-PHOTOGRAPHIE-1745-1024x683.jpg\" alt=\"9 - SPARTLAND PHOTOGRAPHIE-1745\" \/><\/figure><\/div><div class=\"swiper-slide\" role=\"group\" aria-roledescription=\"slide\" aria-label=\"9 sur 13\"><figure class=\"swiper-slide-inner\"><img decoding=\"async\" class=\"swiper-slide-image\" src=\"https:\/\/golfindooracademy.fr\/wp-content\/uploads\/2026\/04\/7-SPARTLAND-PHOTOGRAPHIE-1825-1024x698.jpg\" alt=\"7 - SPARTLAND PHOTOGRAPHIE-1825\" \/><\/figure><\/div><div class=\"swiper-slide\" role=\"group\" aria-roledescription=\"slide\" aria-label=\"10 sur 13\"><figure class=\"swiper-slide-inner\"><img decoding=\"async\" class=\"swiper-slide-image\" src=\"https:\/\/golfindooracademy.fr\/wp-content\/uploads\/2026\/04\/6-SPARTLAND-PHOTOGRAPHIE-1854-1024x683.jpg\" alt=\"6 - SPARTLAND PHOTOGRAPHIE-1854\" \/><\/figure><\/div><div class=\"swiper-slide\" role=\"group\" aria-roledescription=\"slide\" aria-label=\"11 sur 13\"><figure class=\"swiper-slide-inner\"><img decoding=\"async\" class=\"swiper-slide-image\" src=\"https:\/\/golfindooracademy.fr\/wp-content\/uploads\/2026\/04\/5-SPARTLAND-PHOTOGRAPHIE-2018-1-1024x683.jpg\" alt=\"5 - SPARTLAND PHOTOGRAPHIE-2018\" \/><\/figure><\/div><div class=\"swiper-slide\" role=\"group\" aria-roledescription=\"slide\" aria-label=\"12 sur 13\"><figure class=\"swiper-slide-inner\"><img decoding=\"async\" class=\"swiper-slide-image\" src=\"https:\/\/golfindooracademy.fr\/wp-content\/uploads\/2026\/04\/5-SPARTLAND-PHOTOGRAPHIE-2018-1024x683.jpg\" alt=\"5 - SPARTLAND PHOTOGRAPHIE-2018\" \/><\/figure><\/div><div class=\"swiper-slide\" role=\"group\" aria-roledescription=\"slide\" aria-label=\"13 sur 13\"><figure class=\"swiper-slide-inner\"><img decoding=\"async\" class=\"swiper-slide-image\" src=\"https:\/\/golfindooracademy.fr\/wp-content\/uploads\/2026\/04\/2-SPARTLAND-PHOTOGRAPHIE-2090-1024x683.jpg\" alt=\"2 - SPARTLAND PHOTOGRAPHIE-2090\" \/><\/figure><\/div>\t\t\t<\/div>\n\t\t\t\t\t\t\t\t\t\t\t\t<div class=\"elementor-swiper-button elementor-swiper-button-prev\" role=\"button\" tabindex=\"0\">\n\t\t\t\t\t\t<svg aria-hidden=\"true\" class=\"e-font-icon-svg e-eicon-chevron-left\" viewBox=\"0 0 1000 1000\" xmlns=\"http:\/\/www.w3.org\/2000\/svg\"><path d=\"M646 125C629 125 613 133 604 142L308 442C296 454 292 471 292 487 292 504 296 521 308 533L604 854C617 867 629 875 646 875 663 875 679 871 692 858 704 846 713 829 713 812 713 796 708 779 692 767L438 487 692 225C700 217 708 204 708 187 708 171 704 154 692 142 675 129 663 125 646 125Z\"><\/path><\/svg>\t\t\t\t\t<\/div>\n\t\t\t\t\t<div class=\"elementor-swiper-button elementor-swiper-button-next\" role=\"button\" tabindex=\"0\">\n\t\t\t\t\t\t<svg aria-hidden=\"true\" class=\"e-font-icon-svg e-eicon-chevron-right\" viewBox=\"0 0 1000 1000\" xmlns=\"http:\/\/www.w3.org\/2000\/svg\"><path d=\"M696 533C708 521 713 504 713 487 713 471 708 454 696 446L400 146C388 133 375 125 354 125 338 125 325 129 313 142 300 154 292 171 292 187 292 204 296 221 308 233L563 492 304 771C292 783 288 800 288 817 288 833 296 850 308 863 321 871 338 875 354 875 371 875 388 867 400 854L696 533Z\"><\/path><\/svg>\t\t\t\t\t<\/div>\n\t\t\t\t\n\t\t\t\t\t\t\t\t\t<div class=\"swiper-pagination\"><\/div>\n\t\t\t\t\t\t\t\t\t<\/div>\n\t\t\t\t\t\t<\/div>\n\t\t\t\t<\/div>\n\t\t\t\t\t<\/div>\n\t\t\t\t<\/div>\n\t\t<div class=\"elementor-element elementor-element-060269f e-flex e-con-boxed e-con e-parent\" data-id=\"060269f\" data-element_type=\"container\" data-e-type=\"container\" data-settings=\"{&quot;background_background&quot;:&quot;classic&quot;}\">\n\t\t\t\t\t<div class=\"e-con-inner\">\n\t\t<div class=\"elementor-element elementor-element-ff0ced6 e-grid e-con-full e-con e-child\" data-id=\"ff0ced6\" data-element_type=\"container\" data-e-type=\"container\">\n\t\t<div class=\"elementor-element elementor-element-0c77dc0 e-con-full e-flex e-con e-child\" data-id=\"0c77dc0\" data-element_type=\"container\" data-e-type=\"container\">\n\t\t\t\t<div class=\"elementor-element elementor-element-5985ec3 elementor-widget elementor-widget-image\" data-id=\"5985ec3\" data-element_type=\"widget\" data-e-type=\"widget\" data-widget_type=\"image.default\">\n\t\t\t\t\t\t\t\t\t\t\t\t\t\t\t<img fetchpriority=\"high\" decoding=\"async\" width=\"1024\" height=\"536\" src=\"https:\/\/golfindooracademy.fr\/wp-content\/uploads\/2026\/04\/foresight-sports-logo-1024x536.png\" class=\"attachment-large size-large wp-image-40\" alt=\"\" srcset=\"https:\/\/golfindooracademy.fr\/wp-content\/uploads\/2026\/04\/foresight-sports-logo-1024x536.png 1024w, https:\/\/golfindooracademy.fr\/wp-content\/uploads\/2026\/04\/foresight-sports-logo-300x157.png 300w, https:\/\/golfindooracademy.fr\/wp-content\/uploads\/2026\/04\/foresight-sports-logo-768x402.png 768w, https:\/\/golfindooracademy.fr\/wp-content\/uploads\/2026\/04\/foresight-sports-logo.png 1200w\" sizes=\"(max-width: 1024px) 100vw, 1024px\" \/>\t\t\t\t\t\t\t\t\t\t\t\t\t\t\t<\/div>\n\t\t\t\t<\/div>\n\t\t<div class=\"elementor-element elementor-element-9ddf611 e-con-full e-flex e-con e-child\" data-id=\"9ddf611\" data-element_type=\"container\" data-e-type=\"container\">\n\t\t\t\t<div class=\"elementor-element elementor-element-db4cfc4 elementor-widget elementor-widget-image\" data-id=\"db4cfc4\" data-element_type=\"widget\" data-e-type=\"widget\" data-widget_type=\"image.default\">\n\t\t\t\t\t\t\t\t\t\t\t\t\t\t\t<img decoding=\"async\" width=\"600\" height=\"315\" src=\"https:\/\/golfindooracademy.fr\/wp-content\/uploads\/2026\/04\/cropped-technogym-logo-600x315-1.png\" class=\"attachment-large size-large wp-image-39\" alt=\"\" srcset=\"https:\/\/golfindooracademy.fr\/wp-content\/uploads\/2026\/04\/cropped-technogym-logo-600x315-1.png 600w, https:\/\/golfindooracademy.fr\/wp-content\/uploads\/2026\/04\/cropped-technogym-logo-600x315-1-300x158.png 300w\" sizes=\"(max-width: 600px) 100vw, 600px\" \/>\t\t\t\t\t\t\t\t\t\t\t\t\t\t\t<\/div>\n\t\t\t\t<\/div>\n\t\t\t\t<\/div>\n\t\t\t\t\t<\/div>\n\t\t\t\t<\/div>\n\t\t\t\t<\/div>\n\t\t","protected":false},"excerpt":{"rendered":"<p>Golf Indoor Academy La Golf Indoor Academy ouvrira ses portes le 20 avril avec ses trois premiers simulateurs \u00e9quip\u00e9s de la technologie Foresight Sports, offrant une exp\u00e9rience de jeu immersive et pr\u00e9cise. \u00c0 terme, l\u2019\u00e9tablissement comptera huit simulateurs au total, ainsi que des espaces d\u00e9di\u00e9s au putting et une salle d\u2019\u00e9chauffement dot\u00e9e de machines de [&hellip;]<\/p>\n","protected":false},"author":1,"featured_media":0,"parent":0,"menu_order":0,"comment_status":"closed","ping_status":"closed","template":"elementor_header_footer","meta":{"ocean_post_layout":"","ocean_both_sidebars_style":"","ocean_both_sidebars_content_width":0,"ocean_both_sidebars_sidebars_width":0,"ocean_sidebar":"","ocean_second_sidebar":"","ocean_disable_margins":"enable","ocean_add_body_class":"","ocean_shortcode_before_top_bar":"","ocean_shortcode_after_top_bar":"","ocean_shortcode_before_header":"","ocean_shortcode_after_header":"","ocean_has_shortcode":"","ocean_shortcode_after_title":"","ocean_shortcode_before_footer_widgets":"","ocean_shortcode_after_footer_widgets":"","ocean_shortcode_before_footer_bottom":"","ocean_shortcode_after_footer_bottom":"","ocean_display_top_bar":"default","ocean_display_header":"default","ocean_header_style":"","ocean_center_header_left_menu":"","ocean_custom_header_template":"","ocean_custom_logo":0,"ocean_custom_retina_logo":0,"ocean_custom_logo_max_width":0,"ocean_custom_logo_tablet_max_width":0,"ocean_custom_logo_mobile_max_width":0,"ocean_custom_logo_max_height":0,"ocean_custom_logo_tablet_max_height":0,"ocean_custom_logo_mobile_max_height":0,"ocean_header_custom_menu":"","ocean_menu_typo_font_family":"","ocean_menu_typo_font_subset":"","ocean_menu_typo_font_size":0,"ocean_menu_typo_font_size_tablet":0,"ocean_menu_typo_font_size_mobile":0,"ocean_menu_typo_font_size_unit":"px","ocean_menu_typo_font_weight":"","ocean_menu_typo_font_weight_tablet":"","ocean_menu_typo_font_weight_mobile":"","ocean_menu_typo_transform":"","ocean_menu_typo_transform_tablet":"","ocean_menu_typo_transform_mobile":"","ocean_menu_typo_line_height":0,"ocean_menu_typo_line_height_tablet":0,"ocean_menu_typo_line_height_mobile":0,"ocean_menu_typo_line_height_unit":"","ocean_menu_typo_spacing":0,"ocean_menu_typo_spacing_tablet":0,"ocean_menu_typo_spacing_mobile":0,"ocean_menu_typo_spacing_unit":"","ocean_menu_link_color":"","ocean_menu_link_color_hover":"","ocean_menu_link_color_active":"","ocean_menu_link_background":"","ocean_menu_link_hover_background":"","ocean_menu_link_active_background":"","ocean_menu_social_links_bg":"","ocean_menu_social_hover_links_bg":"","ocean_menu_social_links_color":"","ocean_menu_social_hover_links_color":"","ocean_disable_title":"default","ocean_disable_heading":"default","ocean_post_title":"","ocean_post_subheading":"","ocean_post_title_style":"","ocean_post_title_background_color":"","ocean_post_title_background":0,"ocean_post_title_bg_image_position":"","ocean_post_title_bg_image_attachment":"","ocean_post_title_bg_image_repeat":"","ocean_post_title_bg_image_size":"","ocean_post_title_height":0,"ocean_post_title_bg_overlay":0.5,"ocean_post_title_bg_overlay_color":"","ocean_disable_breadcrumbs":"default","ocean_breadcrumbs_color":"","ocean_breadcrumbs_separator_color":"","ocean_breadcrumbs_links_color":"","ocean_breadcrumbs_links_hover_color":"","ocean_display_footer_widgets":"default","ocean_display_footer_bottom":"default","ocean_custom_footer_template":"","footnotes":""},"class_list":["post-11","page","type-page","status-publish","hentry","entry"],"yoast_head":"<!-- This site is optimized with the Yoast SEO plugin v27.4 - https:\/\/yoast.com\/product\/yoast-seo-wordpress\/ -->\n<title>Golf Indoor Academy - Golf Indoor Academy<\/title>\n<meta name=\"robots\" content=\"index, follow, max-snippet:-1, max-image-preview:large, max-video-preview:-1\" \/>\n<link rel=\"canonical\" href=\"https:\/\/golfindooracademy.fr\/\" \/>\n<meta property=\"og:locale\" content=\"fr_FR\" \/>\n<meta property=\"og:type\" content=\"article\" \/>\n<meta property=\"og:title\" content=\"Golf Indoor Academy - Golf Indoor Academy\" \/>\n<meta property=\"og:description\" content=\"Golf Indoor Academy La Golf Indoor Academy ouvrira ses portes le 20 avril avec ses trois premiers simulateurs \u00e9quip\u00e9s de la technologie Foresight Sports, offrant une exp\u00e9rience de jeu immersive et pr\u00e9cise. \u00c0 terme, l\u2019\u00e9tablissement comptera huit simulateurs au total, ainsi que des espaces d\u00e9di\u00e9s au putting et une salle d\u2019\u00e9chauffement dot\u00e9e de machines de [&hellip;]\" \/>\n<meta property=\"og:url\" content=\"https:\/\/golfindooracademy.fr\/\" \/>\n<meta property=\"og:site_name\" content=\"Golf Indoor Academy\" \/>\n<meta property=\"article:modified_time\" content=\"2026-04-15T14:23:47+00:00\" \/>\n<meta property=\"og:image\" content=\"https:\/\/golfindooracademy.fr\/wp-content\/uploads\/2026\/04\/18-SPARTLAND-PHOTOGRAPHIE-1459-1024x597.jpg\" \/>\n<meta name=\"twitter:card\" content=\"summary_large_image\" \/>\n<meta name=\"twitter:label1\" content=\"Dur\u00e9e de lecture estim\u00e9e\" \/>\n\t<meta name=\"twitter:data1\" content=\"4 minutes\" \/>\n<script type=\"application\/ld+json\" class=\"yoast-schema-graph\">{\"@context\":\"https:\\\/\\\/schema.org\",\"@graph\":[{\"@type\":\"WebPage\",\"@id\":\"https:\\\/\\\/golfindooracademy.fr\\\/\",\"url\":\"https:\\\/\\\/golfindooracademy.fr\\\/\",\"name\":\"Golf Indoor Academy - Golf Indoor Academy\",\"isPartOf\":{\"@id\":\"https:\\\/\\\/golfindooracademy.fr\\\/#website\"},\"primaryImageOfPage\":{\"@id\":\"https:\\\/\\\/golfindooracademy.fr\\\/#primaryimage\"},\"image\":{\"@id\":\"https:\\\/\\\/golfindooracademy.fr\\\/#primaryimage\"},\"thumbnailUrl\":\"https:\\\/\\\/golfindooracademy.fr\\\/wp-content\\\/uploads\\\/2026\\\/04\\\/18-SPARTLAND-PHOTOGRAPHIE-1459-1024x597.jpg\",\"datePublished\":\"2026-03-12T22:01:42+00:00\",\"dateModified\":\"2026-04-15T14:23:47+00:00\",\"breadcrumb\":{\"@id\":\"https:\\\/\\\/golfindooracademy.fr\\\/#breadcrumb\"},\"inLanguage\":\"fr-FR\",\"potentialAction\":[{\"@type\":\"ReadAction\",\"target\":[\"https:\\\/\\\/golfindooracademy.fr\\\/\"]}]},{\"@type\":\"ImageObject\",\"inLanguage\":\"fr-FR\",\"@id\":\"https:\\\/\\\/golfindooracademy.fr\\\/#primaryimage\",\"url\":\"https:\\\/\\\/golfindooracademy.fr\\\/wp-content\\\/uploads\\\/2026\\\/04\\\/18-SPARTLAND-PHOTOGRAPHIE-1459-scaled.jpg\",\"contentUrl\":\"https:\\\/\\\/golfindooracademy.fr\\\/wp-content\\\/uploads\\\/2026\\\/04\\\/18-SPARTLAND-PHOTOGRAPHIE-1459-scaled.jpg\",\"width\":2560,\"height\":1493},{\"@type\":\"BreadcrumbList\",\"@id\":\"https:\\\/\\\/golfindooracademy.fr\\\/#breadcrumb\",\"itemListElement\":[{\"@type\":\"ListItem\",\"position\":1,\"name\":\"Accueil\",\"item\":\"https:\\\/\\\/golfindooracademy.fr\\\/\"},{\"@type\":\"ListItem\",\"position\":2,\"name\":\"Golf Indoor Academy\"}]},{\"@type\":\"WebSite\",\"@id\":\"https:\\\/\\\/golfindooracademy.fr\\\/#website\",\"url\":\"https:\\\/\\\/golfindooracademy.fr\\\/\",\"name\":\"Golf Indoor Academy\",\"description\":\"\",\"publisher\":{\"@id\":\"https:\\\/\\\/golfindooracademy.fr\\\/#organization\"},\"potentialAction\":[{\"@type\":\"SearchAction\",\"target\":{\"@type\":\"EntryPoint\",\"urlTemplate\":\"https:\\\/\\\/golfindooracademy.fr\\\/?s={search_term_string}\"},\"query-input\":{\"@type\":\"PropertyValueSpecification\",\"valueRequired\":true,\"valueName\":\"search_term_string\"}}],\"inLanguage\":\"fr-FR\"},{\"@type\":\"Organization\",\"@id\":\"https:\\\/\\\/golfindooracademy.fr\\\/#organization\",\"name\":\"Golf Indoor Academy\",\"url\":\"https:\\\/\\\/golfindooracademy.fr\\\/\",\"logo\":{\"@type\":\"ImageObject\",\"inLanguage\":\"fr-FR\",\"@id\":\"https:\\\/\\\/golfindooracademy.fr\\\/#\\\/schema\\\/logo\\\/image\\\/\",\"url\":\"https:\\\/\\\/golfindooracademy.fr\\\/wp-content\\\/uploads\\\/2026\\\/04\\\/cropped-logo-horizontal.png\",\"contentUrl\":\"https:\\\/\\\/golfindooracademy.fr\\\/wp-content\\\/uploads\\\/2026\\\/04\\\/cropped-logo-horizontal.png\",\"width\":896,\"height\":246,\"caption\":\"Golf Indoor Academy\"},\"image\":{\"@id\":\"https:\\\/\\\/golfindooracademy.fr\\\/#\\\/schema\\\/logo\\\/image\\\/\"}}]}<\/script>\n<!-- \/ Yoast SEO plugin. -->","yoast_head_json":{"title":"Golf Indoor Academy - Golf Indoor Academy","robots":{"index":"index","follow":"follow","max-snippet":"max-snippet:-1","max-image-preview":"max-image-preview:large","max-video-preview":"max-video-preview:-1"},"canonical":"https:\/\/golfindooracademy.fr\/","og_locale":"fr_FR","og_type":"article","og_title":"Golf Indoor Academy - Golf Indoor Academy","og_description":"Golf Indoor Academy La Golf Indoor Academy ouvrira ses portes le 20 avril avec ses trois premiers simulateurs \u00e9quip\u00e9s de la technologie Foresight Sports, offrant une exp\u00e9rience de jeu immersive et pr\u00e9cise. \u00c0 terme, l\u2019\u00e9tablissement comptera huit simulateurs au total, ainsi que des espaces d\u00e9di\u00e9s au putting et une salle d\u2019\u00e9chauffement dot\u00e9e de machines de [&hellip;]","og_url":"https:\/\/golfindooracademy.fr\/","og_site_name":"Golf Indoor Academy","article_modified_time":"2026-04-15T14:23:47+00:00","og_image":[{"url":"https:\/\/golfindooracademy.fr\/wp-content\/uploads\/2026\/04\/18-SPARTLAND-PHOTOGRAPHIE-1459-1024x597.jpg","type":"","width":"","height":""}],"twitter_card":"summary_large_image","twitter_misc":{"Dur\u00e9e de lecture estim\u00e9e":"4 minutes"},"schema":{"@context":"https:\/\/schema.org","@graph":[{"@type":"WebPage","@id":"https:\/\/golfindooracademy.fr\/","url":"https:\/\/golfindooracademy.fr\/","name":"Golf Indoor Academy - Golf Indoor Academy","isPartOf":{"@id":"https:\/\/golfindooracademy.fr\/#website"},"primaryImageOfPage":{"@id":"https:\/\/golfindooracademy.fr\/#primaryimage"},"image":{"@id":"https:\/\/golfindooracademy.fr\/#primaryimage"},"thumbnailUrl":"https:\/\/golfindooracademy.fr\/wp-content\/uploads\/2026\/04\/18-SPARTLAND-PHOTOGRAPHIE-1459-1024x597.jpg","datePublished":"2026-03-12T22:01:42+00:00","dateModified":"2026-04-15T14:23:47+00:00","breadcrumb":{"@id":"https:\/\/golfindooracademy.fr\/#breadcrumb"},"inLanguage":"fr-FR","potentialAction":[{"@type":"ReadAction","target":["https:\/\/golfindooracademy.fr\/"]}]},{"@type":"ImageObject","inLanguage":"fr-FR","@id":"https:\/\/golfindooracademy.fr\/#primaryimage","url":"https:\/\/golfindooracademy.fr\/wp-content\/uploads\/2026\/04\/18-SPARTLAND-PHOTOGRAPHIE-1459-scaled.jpg","contentUrl":"https:\/\/golfindooracademy.fr\/wp-content\/uploads\/2026\/04\/18-SPARTLAND-PHOTOGRAPHIE-1459-scaled.jpg","width":2560,"height":1493},{"@type":"BreadcrumbList","@id":"https:\/\/golfindooracademy.fr\/#breadcrumb","itemListElement":[{"@type":"ListItem","position":1,"name":"Accueil","item":"https:\/\/golfindooracademy.fr\/"},{"@type":"ListItem","position":2,"name":"Golf Indoor Academy"}]},{"@type":"WebSite","@id":"https:\/\/golfindooracademy.fr\/#website","url":"https:\/\/golfindooracademy.fr\/","name":"Golf Indoor Academy","description":"","publisher":{"@id":"https:\/\/golfindooracademy.fr\/#organization"},"potentialAction":[{"@type":"SearchAction","target":{"@type":"EntryPoint","urlTemplate":"https:\/\/golfindooracademy.fr\/?s={search_term_string}"},"query-input":{"@type":"PropertyValueSpecification","valueRequired":true,"valueName":"search_term_string"}}],"inLanguage":"fr-FR"},{"@type":"Organization","@id":"https:\/\/golfindooracademy.fr\/#organization","name":"Golf Indoor Academy","url":"https:\/\/golfindooracademy.fr\/","logo":{"@type":"ImageObject","inLanguage":"fr-FR","@id":"https:\/\/golfindooracademy.fr\/#\/schema\/logo\/image\/","url":"https:\/\/golfindooracademy.fr\/wp-content\/uploads\/2026\/04\/cropped-logo-horizontal.png","contentUrl":"https:\/\/golfindooracademy.fr\/wp-content\/uploads\/2026\/04\/cropped-logo-horizontal.png","width":896,"height":246,"caption":"Golf Indoor Academy"},"image":{"@id":"https:\/\/golfindooracademy.fr\/#\/schema\/logo\/image\/"}}]}},"_links":{"self":[{"href":"https:\/\/golfindooracademy.fr\/index.php?rest_route=\/wp\/v2\/pages\/11","targetHints":{"allow":["GET"]}}],"collection":[{"href":"https:\/\/golfindooracademy.fr\/index.php?rest_route=\/wp\/v2\/pages"}],"about":[{"href":"https:\/\/golfindooracademy.fr\/index.php?rest_route=\/wp\/v2\/types\/page"}],"author":[{"embeddable":true,"href":"https:\/\/golfindooracademy.fr\/index.php?rest_route=\/wp\/v2\/users\/1"}],"replies":[{"embeddable":true,"href":"https:\/\/golfindooracademy.fr\/index.php?rest_route=%2Fwp%2Fv2%2Fcomments&post=11"}],"version-history":[{"count":19,"href":"https:\/\/golfindooracademy.fr\/index.php?rest_route=\/wp\/v2\/pages\/11\/revisions"}],"predecessor-version":[{"id":68,"href":"https:\/\/golfindooracademy.fr\/index.php?rest_route=\/wp\/v2\/pages\/11\/revisions\/68"}],"wp:attachment":[{"href":"https:\/\/golfindooracademy.fr\/index.php?rest_route=%2Fwp%2Fv2%2Fmedia&parent=11"}],"curies":[{"name":"wp","href":"https:\/\/api.w.org\/{rel}","templated":true}]}}